{"id":49,"date":"2014-04-08T17:38:00","date_gmt":"2014-04-08T17:38:00","guid":{"rendered":"http:\/\/www.duodryades.com\/?page_id=49"},"modified":"2014-11-03T12:13:12","modified_gmt":"2014-11-03T12:13:12","slug":"levytykset","status":"publish","type":"page","link":"http:\/\/www.duodryades.com\/en\/levytykset\/","title":{"rendered":"Recordings"},"content":{"rendered":"<p><\/p>\n<h3><strong>Duo Dryades: La Meneuse de Tortures d&#8217;Or<\/strong><\/h3>\n<p><a href=\"http:\/\/www.duodryades.com\/wp-content\/uploads\/2014\/04\/duo-dryades-cd-etuvihko-16s-web.pdf\"><img decoding=\"async\" loading=\"lazy\" class=\"alignnone wp-image-265 size-full\" src=\"http:\/\/www.duodryades.com\/wp-content\/uploads\/2014\/04\/la-meneuse-etusivu.jpg\" alt=\"la-meneuse-etusivu\" width=\"200\" height=\"200\" srcset=\"http:\/\/www.duodryades.com\/wp-content\/uploads\/2014\/04\/la-meneuse-etusivu.jpg 200w, http:\/\/www.duodryades.com\/wp-content\/uploads\/2014\/04\/la-meneuse-etusivu-150x150.jpg 150w, http:\/\/www.duodryades.com\/wp-content\/uploads\/2014\/04\/la-meneuse-etusivu-100x100.jpg 100w\" sizes=\"(max-width: 200px) 100vw, 200px\" \/><\/a><\/p>\n<h3><\/h3>\n<p><strong>JACQUES IBERT (1890-1962)<\/strong><\/p>\n<p><a href=\"http:\/\/www.duodryades.com\/wp-content\/uploads\/2014\/04\/La-meneuse-de-tortues-dor.mp3\">La meneuse de tortues d&#8217;or<\/a>\u00a0La meneuse de tortues d&#8217;or<\/p>\n<p>La cage de cristal<\/p>\n<p><a href=\"http:\/\/www.duodryades.com\/wp-content\/uploads\/2014\/04\/Entracte.mp3\">Entr&#8217;acte<\/a>\u00a0Entr&#8217;acte<\/p>\n<h3><\/h3>\n<p><strong>ERIK SATIE (1866-1925)<\/strong><\/p>\n<p><a href=\"http:\/\/www.duodryades.com\/wp-content\/uploads\/2014\/04\/Gnossienne-no.4.mp3\">Gnossienne no.4<\/a>\u00a0Gnossienne no.4<\/p>\n<p>Gymnop\u00e9die no.1<\/p>\n<p>Gnossienne no.6<\/p>\n<p>Gnossienne no.3<\/p>\n<p><a href=\"http:\/\/www.duodryades.com\/wp-content\/uploads\/2014\/04\/Encore.mp3\">Encore<\/a>\u00a0Encore<\/p>\n<p><a href=\"http:\/\/www.duodryades.com\/wp-content\/uploads\/2014\/04\/En-plus.mp3\">En plus<\/a>\u00a0En plus<\/p>\n<h3><\/h3>\n<p><strong>FRANCIS POULENC (1899-1963)<\/strong><\/p>\n<p><strong>Trois Mouvements Perp\u00e9tuels:<\/strong><\/p>\n<p>I Balance, mod\u00e9r\u00e9<\/p>\n<p>II Mod\u00e9r\u00e9<\/p>\n<p><a href=\"http:\/\/www.duodryades.com\/wp-content\/uploads\/2014\/04\/Alerte.mp3\">Alerte<\/a>\u00a0III Alarte<\/p>\n<p>Sarabande<\/p>\n<h3><\/h3>\n<p><strong>CLAUDE DEBUSSY (1862-1918)<\/strong><\/p>\n<p><a href=\"http:\/\/www.duodryades.com\/wp-content\/uploads\/2014\/04\/Danse-Bohemi\u00e9nne.mp3\">Danse Bohemi\u00e9nne<\/a>\u00a0Danse Bohemi\u00e9nne<\/p>\n<p>La fille aux cheveux de lin<\/p>\n<p>Syrinx<\/p>\n<h3><\/h3>\n<p><strong>GABRIEL FRAUR\u00c9 (1845-1924)<\/strong><\/p>\n<p><a href=\"http:\/\/www.duodryades.com\/wp-content\/uploads\/2014\/04\/Pavane.mp3\">Pavane<\/a>\u00a0Pavane<\/p>\n<h3><\/h3>\n<p><a href=\"http:\/\/www.fuga.fi\/?yleishaku=duo+dryades\" target=\"_blank\">www.fuga.fi<\/a><\/p>\n<hr>\n<h3><strong>Duo Dryades: Speira<\/strong><\/h3>\n<p><a href=\"http:\/\/www.duodryades.com\/wp-content\/uploads\/2014\/04\/speira.jpg\"><img decoding=\"async\" loading=\"lazy\" class=\"alignnone wp-image-58 size-full\" src=\"http:\/\/www.duodryades.com\/wp-content\/uploads\/2014\/04\/speira.jpg\" alt=\"speira\" width=\"200\" height=\"200\" srcset=\"http:\/\/www.duodryades.com\/wp-content\/uploads\/2014\/04\/speira.jpg 200w, http:\/\/www.duodryades.com\/wp-content\/uploads\/2014\/04\/speira-150x150.jpg 150w, http:\/\/www.duodryades.com\/wp-content\/uploads\/2014\/04\/speira-100x100.jpg 100w\" sizes=\"(max-width: 200px) 100vw, 200px\" \/><\/a><\/p>\n<h3><\/h3>\n<p><strong>Vincent Bouchot | Sonatina Palimpsestica<\/strong><\/p>\n<p><a id=\"mbmaplayer_1396987873681\" class=\"mb_map {skin:'black', animate:true, width:'200', volume:0.4, autoplay:false, loop:false, showVolumeLevel:true, showTime:true, showRew:true, downloadable:false, downloadablesecurity:false, id3: false}\" href=\"http:\/\/www.duodryades.com\/wp-content\/uploads\/2014\/04\/01-Sonatina-Palimpsestica-_-I.mp3\">01 Sonatina Palimpsestica I<\/a>\u00a0Sonatina Palimpsestica I<\/p>\n<p><a id=\"mbmaplayer_1396987915153\" class=\"mb_map {skin:'black', animate:true, width:'200', volume:0.4, autoplay:false, loop:false, showVolumeLevel:true, showTime:true, showRew:true, downloadable:false, downloadablesecurity:false, id3: false}\" href=\"http:\/\/www.duodryades.com\/wp-content\/uploads\/2014\/04\/02-Sonatina-Palimpsestica-_II.mp3\">02 Sonatina Palimpsestica II<\/a>\u00a0Sonatina Palimpsestica II<\/p>\n<p>I bis<\/p>\n<p>II bis<\/p>\n<p><strong>Sid Hille | Promenades<\/strong><\/p>\n<p><a href=\"http:\/\/www.duodryades.com\/wp-content\/uploads\/2014\/04\/05-Promenades-_-Giverny.mp3\">05 Promenades Giverny<\/a>\u00a0Giverny<\/p>\n<p><a href=\"http:\/\/www.duodryades.com\/wp-content\/uploads\/2014\/04\/06-Promenades-_-Rue-dOrseil.mp3\">06 Promenades _ Rue d&#8217;Orseil<\/a>\u00a0Rue d&#8217;Orseil Carnac St. Flour<\/p>\n<h3><\/h3>\n<p><strong>Iiris Kosonen | Mariatyyri<\/strong><\/p>\n<p><a href=\"http:\/\/www.duodryades.com\/wp-content\/uploads\/2014\/04\/09-Mariatyyri.mp3\">09 Mariatyyri<\/a>\u00a0Mariatyyri<\/p>\n<h3><\/h3>\n<p><strong>Pekka Jalkanen | Speira<\/strong><\/p>\n<p>Kyklos parados<\/p>\n<p><a href=\"http:\/\/www.duodryades.com\/wp-content\/uploads\/2014\/04\/11-Speira-_-Stasimo.mp3\">11 Speira _ Stasimo<\/a>\u00a0Stasimo<\/p>\n<p><a href=\"http:\/\/www.duodryades.com\/wp-content\/uploads\/2014\/04\/12-Speira-_-Kyklos-eksodos.mp3\">12 Speira _ Kyklos eksodos<\/a>Kyklos eksodos<\/p>\n<h3><\/h3>\n<p><strong>Harri Wessman | Finlandia<\/strong><\/p>\n<p>Lapones<\/p>\n<p>Ritmos<\/p>\n<p><a href=\"http:\/\/www.duodryades.com\/wp-content\/uploads\/2014\/04\/15-Finlandia-_-Tango.mp3\">15 Finlandia _ Tango<\/a>\u00a0Tango Verano<\/p>\n<p><a href=\"http:\/\/www.alba.fi\" target=\"_blank\">www.alba.fi<\/a><\/p>\n<hr \/>\n<h3><strong>Bandoneon Decacorde duo \u2013 Kristina Kuusisto ja Mari M\u00e4ntyl\u00e4<\/strong><\/h3>\n<p><strong>Kirmari<\/strong><\/p>\n<p><img decoding=\"async\" loading=\"lazy\" class=\"alignnone size-full wp-image-191\" src=\"http:\/\/www.duodryades.com\/wp-content\/uploads\/2014\/04\/kirmari1p.jpg\" alt=\"kirmari1p\" width=\"200\" height=\"204\" \/><\/p>\n<p><a href=\"http:\/\/www.duodryades.com\/wp-content\/uploads\/2014\/04\/01-kirmari-milonga_del_angel.mp3\">Milonga Del Angel<\/a>\u00a0Astor Piazzolla | Milonga del Angel<\/p>\n<p><a href=\"http:\/\/www.duodryades.com\/wp-content\/uploads\/2014\/04\/02-kirmari-villa_luro.mp3\">Villa Luro<\/a>\u00a0Tomas Gubitch | Villa Luro<\/p>\n<p><a href=\"http:\/\/www.duodryades.com\/wp-content\/uploads\/2014\/04\/03-kirmari-iroise.mp3\">Iroise<\/a>\u00a0Didier Squiban | Iroise<\/p>\n<p>Didier Squiban | Suite de Gavottes des Montagnes<\/p>\n<p>Heikki Valpola | Autius<\/p>\n<p>Rui Martins | Aguas de Mar<\/p>\n<p><a href=\"http:\/\/www.duodryades.com\/wp-content\/uploads\/2014\/04\/07-kirmari-kirmari.mp3\">Kirmari<\/a>\u00a0Heikki Valpola | Kirmari<\/p>\n<p><a href=\"http:\/\/www.duodryades.com\/wp-content\/uploads\/2014\/04\/08-kirmari-tahdet_meren_ylla.mp3\">T\u00e4hdet Meren Yll\u00e4<\/a>\u00a0Unto Mononen | T\u00e4hdet meren yll\u00e4 (sov. Leonardo Sanchez)<\/p>\n<p><a href=\"http:\/\/www.duodryades.com\/wp-content\/uploads\/2014\/04\/09-kirmari-prestito.mp3\">Prestito<\/a>\u00a0Rui Martins | Prestito<\/p>\n<p>Antero\u00a0Jakoila | Pieni tulitikkutytt\u00f6<\/p>\n<p><a href=\"http:\/\/www.fuga.fi\" target=\"_blank\">www.fuga.fi<\/a><\/p>","protected":false},"excerpt":{"rendered":"<p class=\"excerpt\">Duo Dryades: La Meneuse de Tortures d&#8217;Or JACQUES IBERT (1890-1962) La meneuse de tortues d&#8217;or\u00a0La meneuse de tortues d&#8217;or La cage de cristal Entr&#8217;acte\u00a0Entr&#8217;acte ERIK SATIE (1866-1925) Gnossienne no.4\u00a0Gnossienne no.4 Gymnop\u00e9die no.1 Gnossienne no.6 Gnossienne no.3 Encore\u00a0Encore En plus\u00a0En plus FRANCIS POULENC (1899-1963) Trois Mouvements Perp\u00e9tuels: I Balance, mod\u00e9r\u00e9 II Mod\u00e9r\u00e9 Alerte\u00a0III Alarte Sarabande CLAUDE DEBUSSY (1862-1918) Danse Bohemi\u00e9nne\u00a0Danse Bohemi\u00e9nne&hellip; <a href=\"http:\/\/www.duodryades.com\/en\/levytykset\/\">Read more &rarr;<\/a><\/p>\n","protected":false},"author":1,"featured_media":0,"parent":0,"menu_order":0,"comment_status":"closed","ping_status":"closed","template":"","meta":{"ngg_post_thumbnail":0},"_links":{"self":[{"href":"http:\/\/www.duodryades.com\/en\/wp-json\/wp\/v2\/pages\/49"}],"collection":[{"href":"http:\/\/www.duodryades.com\/en\/wp-json\/wp\/v2\/pages"}],"about":[{"href":"http:\/\/www.duodryades.com\/en\/wp-json\/wp\/v2\/types\/page"}],"author":[{"embeddable":true,"href":"http:\/\/www.duodryades.com\/en\/wp-json\/wp\/v2\/users\/1"}],"replies":[{"embeddable":true,"href":"http:\/\/www.duodryades.com\/en\/wp-json\/wp\/v2\/comments?post=49"}],"version-history":[{"count":24,"href":"http:\/\/www.duodryades.com\/en\/wp-json\/wp\/v2\/pages\/49\/revisions"}],"predecessor-version":[{"id":56,"href":"http:\/\/www.duodryades.com\/en\/wp-json\/wp\/v2\/pages\/49\/revisions\/56"}],"wp:attachment":[{"href":"http:\/\/www.duodryades.com\/en\/wp-json\/wp\/v2\/media?parent=49"}],"curies":[{"name":"wp","href":"https:\/\/api.w.org\/{rel}","templated":true}]}}